{"id":384,"date":"2018-01-20T13:02:06","date_gmt":"2018-01-20T12:02:06","guid":{"rendered":"https:\/\/www.foerderverein-kinderhaus.de\/?page_id=384"},"modified":"2019-09-15T16:48:10","modified_gmt":"2019-09-15T14:48:10","slug":"beitritt","status":"publish","type":"page","link":"http:\/\/www.foerderverein-kinderhaus.de\/?page_id=384","title":{"rendered":"Mitglied werden"},"content":{"rendered":"<p>Mitglied werden k\u00f6nnen alle, die sich unserem Kinderhaus verbunden f\u00fchlen: Eltern, Gro\u00dfeltern, Freunde oder Firmen. Unser F\u00f6rderverein arbeitet und lebt von und mit seinen Mitgliedern. Wir freuen uns sehr \u00fcber jedes neu gewonnene Mitglied.<\/p>\n<p>Hier finden Sie unseren Mitgliedsantrag. Den ausgef\u00fcllten Antrag k\u00f6nnen Sie uns per Post zukommen lassen oder in den F\u00f6rdervereins-Briefkasten im Kinderhaus am Alten Dreisch einwerfen.<\/p>\n<p>Mitgliedsantrag:\u00a0<a href=\"https:\/\/www.foerderverein-kinderhaus.de\/wp-content\/uploads\/2019\/09\/2019-Mitgliedsantrag-F\u00f6rderverein-Kinderhaus.pdf\">2019 Mitgliedsantrag F\u00f6rderverein Kinderhaus<\/a><\/p>\n","protected":false},"excerpt":{"rendered":"<p>Mitglied werden k\u00f6nnen alle, die sich unserem Kinderhaus verbunden f\u00fchlen: Eltern, Gro\u00dfeltern, Freunde oder Firmen. Unser F\u00f6rderverein arbeitet und lebt von und mit seinen Mitgliedern. Wir freuen uns sehr \u00fcber jedes neu gewonnene Mitglied. Hier finden Sie unseren Mitgliedsantrag. Den ausgef\u00fcllten Antrag k\u00f6nnen Sie uns per Post zukommen lassen oder in den F\u00f6rdervereins-Briefkasten im Kinderhaus &hellip; <\/p>\n<p class=\"link-more\"><a href=\"http:\/\/www.foerderverein-kinderhaus.de\/?page_id=384\" class=\"more-link\"><span class=\"screen-reader-text\">\u201eMitglied werden\u201c<\/span> weiterlesen<\/a><\/p>\n","protected":false},"author":3,"featured_media":0,"parent":0,"menu_order":0,"comment_status":"closed","ping_status":"closed","template":"","meta":{"footnotes":""},"class_list":["post-384","page","type-page","status-publish","hentry"],"_links":{"self":[{"href":"http:\/\/www.foerderverein-kinderhaus.de\/index.php?rest_route=\/wp\/v2\/pages\/384"}],"collection":[{"href":"http:\/\/www.foerderverein-kinderhaus.de\/index.php?rest_route=\/wp\/v2\/pages"}],"about":[{"href":"http:\/\/www.foerderverein-kinderhaus.de\/index.php?rest_route=\/wp\/v2\/types\/page"}],"author":[{"embeddable":true,"href":"http:\/\/www.foerderverein-kinderhaus.de\/index.php?rest_route=\/wp\/v2\/users\/3"}],"replies":[{"embeddable":true,"href":"http:\/\/www.foerderverein-kinderhaus.de\/index.php?rest_route=%2Fwp%2Fv2%2Fcomments&post=384"}],"version-history":[{"count":6,"href":"http:\/\/www.foerderverein-kinderhaus.de\/index.php?rest_route=\/wp\/v2\/pages\/384\/revisions"}],"predecessor-version":[{"id":818,"href":"http:\/\/www.foerderverein-kinderhaus.de\/index.php?rest_route=\/wp\/v2\/pages\/384\/revisions\/818"}],"wp:attachment":[{"href":"http:\/\/www.foerderverein-kinderhaus.de\/index.php?rest_route=%2Fwp%2Fv2%2Fmedia&parent=384"}],"curies":[{"name":"wp","href":"https:\/\/api.w.org\/{rel}","templated":true}]}}